{"id":18,"date":"2025-11-12T19:39:03","date_gmt":"2025-11-12T18:39:03","guid":{"rendered":"http:\/\/nathandesplan.fr\/?page_id=18"},"modified":"2025-11-22T17:25:29","modified_gmt":"2025-11-22T16:25:29","slug":"contact-2","status":"publish","type":"page","link":"https:\/\/nathandesplan.fr\/index.php\/contact-2\/","title":{"rendered":"Contact"},"content":{"rendered":"\n<div class=\"wp-block-group has-global-padding is-layout-constrained wp-block-group-is-layout-constrained\"><\/div>\n\n\n\n<div class=\"wp-block-group alignfull has-global-padding is-layout-constrained wp-container-core-group-is-layout-19e250f3 wp-block-group-is-layout-constrained\">\n<h3 class=\"wp-block-heading\">Travaillons ensemble<\/h3>\n\n\n\n<p>Une question, un projet, une id\u00e9e ?<\/p>\n\n\n\n<p>Je suis disponible pour \u00e9changer autour de vos besoins en communication, que ce soit pour un accompagnement complet, un projet ponctuel ou une collaboration long terme.<\/p>\n<\/div>\n\n\n\n<div style=\"height:24px\" aria-hidden=\"true\" class=\"wp-block-spacer\"><\/div>\n\n\n\n<div class=\"wp-block-group alignfull has-global-padding is-layout-constrained wp-container-core-group-is-layout-19e250f3 wp-block-group-is-layout-constrained\">\n<div class=\"wp-block-columns is-layout-flex wp-container-core-columns-is-layout-28f84493 wp-block-columns-is-layout-flex\">\n<div class=\"wp-block-column is-vertically-aligned-center is-layout-flow wp-block-column-is-layout-flow\" style=\"flex-basis:66.66%\"><style id=\"wpforms-css-vars-152\">\n\t\t\t\t#wpforms-152 {\n\t\t\t\t--wpforms-container-padding: 0px;\n--wpforms-container-border-width: 1px;\n--wpforms-container-border-radius: 3px;\n--wpforms-background-color: rgba(0, 0, 0, 0);\n--wpforms-field-size-input-height: 43px;\n--wpforms-field-size-input-spacing: 15px;\n--wpforms-field-size-font-size: 16px;\n--wpforms-field-size-line-height: 19px;\n--wpforms-field-size-padding-h: 14px;\n--wpforms-field-size-checkbox-size: 16px;\n--wpforms-field-size-sublabel-spacing: 5px;\n--wpforms-field-size-icon-size: 1;\n--wpforms-label-size-font-size: 16px;\n--wpforms-label-size-line-height: 19px;\n--wpforms-label-size-sublabel-font-size: 14px;\n--wpforms-label-size-sublabel-line-height: 17px;\n--wpforms-button-size-font-size: 17px;\n--wpforms-button-size-height: 41px;\n--wpforms-button-size-padding-h: 15px;\n--wpforms-button-size-margin-top: 10px;\n--wpforms-container-shadow-size-box-shadow: none;\n\t\t\t}\n\t\t\t<\/style><div class=\"wpforms-container wpforms-container-full wpforms-render-modern\" id=\"wpforms-152\"><form id=\"wpforms-form-152\" class=\"wpforms-validate wpforms-form wpforms-ajax-form\" data-formid=\"152\" method=\"post\" enctype=\"multipart\/form-data\" action=\"\/index.php\/wp-json\/wp\/v2\/pages\/18\" data-token=\"908907bda8a95252d4e25eb5674f84e1\" data-token-time=\"1775237092\"><noscript class=\"wpforms-error-noscript\">Veuillez activer JavaScript dans votre navigateur pour remplir ce formulaire.<\/noscript><div id=\"wpforms-error-noscript\" style=\"display: none;\">Veuillez activer JavaScript dans votre navigateur pour remplir ce formulaire.<\/div><div class=\"wpforms-field-container\"><div id=\"wpforms-152-field_0-container\" class=\"wpforms-field wpforms-field-name\" data-field-id=\"0\"><fieldset><legend class=\"wpforms-field-label\">Informations g\u00e9n\u00e9rales <span class=\"wpforms-required-label\" aria-hidden=\"true\">*<\/span><\/legend><div class=\"wpforms-field-row wpforms-field-medium\"><div class=\"wpforms-field-row-block wpforms-first wpforms-one-half\"><input type=\"text\" id=\"wpforms-152-field_0\" class=\"wpforms-field-name-first wpforms-field-required\" name=\"wpforms[fields][0][first]\" aria-errormessage=\"wpforms-152-field_0-error\" required><label for=\"wpforms-152-field_0\" class=\"wpforms-field-sublabel after\">Pr\u00e9nom<\/label><\/div><div class=\"wpforms-field-row-block wpforms-one-half\"><input type=\"text\" id=\"wpforms-152-field_0-last\" class=\"wpforms-field-name-last wpforms-field-required\" name=\"wpforms[fields][0][last]\" aria-errormessage=\"wpforms-152-field_0-last-error\" required><label for=\"wpforms-152-field_0-last\" class=\"wpforms-field-sublabel after\">Nom<\/label><\/div><\/div><\/fieldset><\/div>\t\t<div id=\"wpforms-152-field_2-container\"\n\t\t\tclass=\"wpforms-field wpforms-field-text\"\n\t\t\tdata-field-type=\"text\"\n\t\t\tdata-field-id=\"2\"\n\t\t\t>\n\t\t\t<label class=\"wpforms-field-label\" for=\"wpforms-152-field_2\" >Num\u00e9ro Email ?<\/label>\n\t\t\t<input type=\"text\" id=\"wpforms-152-field_2\" class=\"wpforms-field-medium\" name=\"wpforms[fields][2]\" >\n\t\t<\/div>\n\t\t<div id=\"wpforms-152-field_7-container\" class=\"wpforms-field wpforms-field-text\" data-field-id=\"7\"><label class=\"wpforms-field-label\" for=\"wpforms-152-field_7\">Nom de l&#039;entreprise<\/label><input type=\"text\" id=\"wpforms-152-field_7\" class=\"wpforms-field-medium\" name=\"wpforms[fields][7]\" aria-errormessage=\"wpforms-152-field_7-error\" ><\/div><div id=\"wpforms-152-field_1-container\" class=\"wpforms-field wpforms-field-email\" data-field-id=\"1\"><label class=\"wpforms-field-label\" for=\"wpforms-152-field_1\">Email <span class=\"wpforms-required-label\" aria-hidden=\"true\">*<\/span><\/label><input type=\"email\" id=\"wpforms-152-field_1\" class=\"wpforms-field-medium wpforms-field-required\" name=\"wpforms[fields][1]\" spellcheck=\"false\" aria-errormessage=\"wpforms-152-field_1-error\" required><\/div><div id=\"wpforms-152-field_8-container\" class=\"wpforms-field wpforms-field-text\" data-field-id=\"8\"><label class=\"wpforms-field-label\" for=\"wpforms-152-field_8\">Num\u00e9ro de t\u00e9l\u00e9phone <span class=\"wpforms-required-label\" aria-hidden=\"true\">*<\/span><\/label><input type=\"text\" id=\"wpforms-152-field_8\" class=\"wpforms-field-medium wpforms-field-required\" name=\"wpforms[fields][8]\" aria-errormessage=\"wpforms-152-field_8-error\" required><\/div><div id=\"wpforms-152-field_3-container\" class=\"wpforms-field wpforms-field-select wpforms-field-select-style-classic\" data-field-id=\"3\"><label class=\"wpforms-field-label\" for=\"wpforms-152-field_3\">Comment m&#039;avez vous connu ? <span class=\"wpforms-required-label\" aria-hidden=\"true\">*<\/span><\/label><select id=\"wpforms-152-field_3\" class=\"wpforms-field-medium wpforms-field-required\" name=\"wpforms[fields][3]\" required=\"required\"><option value=\"Internet\"  class=\"choice-1 depth-1\"  >Internet<\/option><option value=\"Instagram\"  class=\"choice-2 depth-1\"  >Instagram<\/option><option value=\"LinkedIn\"  class=\"choice-3 depth-1\"  >LinkedIn<\/option><option value=\"Bouche \u00e0 oreille\"  class=\"choice-4 depth-1\"  >Bouche \u00e0 oreille<\/option><\/select><\/div><div id=\"wpforms-152-field_6-container\" class=\"wpforms-field wpforms-field-select wpforms-field-select-style-classic\" data-field-id=\"6\"><label class=\"wpforms-field-label\" for=\"wpforms-152-field_6\">Objet <span class=\"wpforms-required-label\" aria-hidden=\"true\">*<\/span><\/label><select id=\"wpforms-152-field_6\" class=\"wpforms-field-medium wpforms-field-required\" name=\"wpforms[fields][6]\" required=\"required\"><option value=\"\" class=\"placeholder\" disabled  selected='selected'>--- S\u00e9lectionner un choix ---<\/option><option value=\"Identit\u00e9 visuelle\"  class=\"choice-1 depth-1\"  >Identit\u00e9 visuelle<\/option><option value=\"Site web\"  class=\"choice-2 depth-1\"  >Site web<\/option><option value=\"R\u00e9seaux sociaux\"  class=\"choice-3 depth-1\"  >R\u00e9seaux sociaux<\/option><option value=\"Photographie\"  class=\"choice-4 depth-1\"  >Photographie<\/option><option value=\"\u00c9v\u00e8nementiel\"  class=\"choice-5 depth-1\"  >\u00c9v\u00e8nementiel<\/option><option value=\"Autre\"  class=\"choice-6 depth-1\"  >Autre<\/option><\/select><\/div><div id=\"wpforms-152-field_9-container\" class=\"wpforms-field wpforms-field-textarea\" data-field-id=\"9\"><label class=\"wpforms-field-label\" for=\"wpforms-152-field_9\">Message <span class=\"wpforms-required-label\" aria-hidden=\"true\">*<\/span><\/label><textarea id=\"wpforms-152-field_9\" class=\"wpforms-field-medium wpforms-field-required\" name=\"wpforms[fields][9]\" aria-errormessage=\"wpforms-152-field_9-error\" aria-describedby=\"wpforms-152-field_9-description\" required><\/textarea><div id=\"wpforms-152-field_9-description\" class=\"wpforms-field-description\">Pr\u00e9sentez-moi votre projet en quelques lignes : votre besoin, vos objectifs, votre activit\u00e9 et ce que vous souhaitez am\u00e9liorer.<\/div><\/div><script>\n\t\t\t\t( function() {\n\t\t\t\t\tconst style = document.createElement( 'style' );\n\t\t\t\t\tstyle.appendChild( document.createTextNode( '#wpforms-152-field_2-container { position: absolute !important; overflow: hidden !important; display: inline !important; height: 1px !important; width: 1px !important; z-index: -1000 !important; padding: 0 !important; } #wpforms-152-field_2-container input { visibility: hidden; } #wpforms-conversational-form-page #wpforms-152-field_2-container label { counter-increment: none; }' ) );\n\t\t\t\t\tdocument.head.appendChild( style );\n\t\t\t\t\tdocument.currentScript?.remove();\n\t\t\t\t} )();\n\t\t\t<\/script><\/div><!-- .wpforms-field-container --><div class=\"wpforms-submit-container\" ><input type=\"hidden\" name=\"wpforms[id]\" value=\"152\"><input type=\"hidden\" name=\"page_title\" value=\"\"><input type=\"hidden\" name=\"page_url\" value=\"https:\/\/nathandesplan.fr\/index.php\/wp-json\/wp\/v2\/pages\/18\"><input type=\"hidden\" name=\"url_referer\" value=\"\"><button type=\"submit\" name=\"wpforms[submit]\" id=\"wpforms-submit-152\" class=\"wpforms-submit\" data-alt-text=\"Envoi en cours\" data-submit-text=\"Envoyer\" aria-live=\"assertive\" value=\"wpforms-submit\">Envoyer<\/button><img loading=\"lazy\" decoding=\"async\" src=\"https:\/\/nathandesplan.fr\/wp-content\/plugins\/wpforms-lite\/assets\/images\/submit-spin.svg\" class=\"wpforms-submit-spinner\" style=\"display: none;\" width=\"26\" height=\"26\" alt=\"Chargement en cours\"><\/div><\/form><\/div>  <!-- .wpforms-container -->\n<\/div>\n\n\n\n<div class=\"wp-block-column is-layout-flow wp-block-column-is-layout-flow\" style=\"flex-basis:33.33%\">\n<p><\/p>\n\n\n\n<p>\ud83d\udccd <strong>Localisation<\/strong><br>Bas\u00e9 dans le Gard, j\u2019interviens dans toute la France \u00e0 distance et me d\u00e9place en pr\u00e9sentiel dans les d\u00e9partements voisins : <strong>H\u00e9rault (34)<\/strong>, <strong>Loz\u00e8re (48)<\/strong>, <strong>Vaucluse (84)<\/strong> et <strong>Bouches-du-Rh\u00f4ne (13)<\/strong>.<\/p>\n\n\n\n<p>\ud83d\udce7 <strong>Mail<\/strong><br><a href=\"mailto:contact@nathandesplan.fr\">contact@nathandesplan.fr<\/a><\/p>\n\n\n\n<p>\ud83d\udcf1 <strong>T\u00e9l\u00e9phone<\/strong><br>07 50 45 75 28<\/p>\n<\/div>\n<\/div>\n<\/div>\n\n\n\n<div class=\"wp-block-group is-layout-flow wp-block-group-is-layout-flow\">\n<div class=\"wp-block-group has-global-padding is-layout-constrained wp-block-group-is-layout-constrained\">\n<div class=\"wp-block-columns are-vertically-aligned-top is-layout-flex wp-container-core-columns-is-layout-28f84493 wp-block-columns-is-layout-flex\">\n<div class=\"wp-block-column is-vertically-aligned-top is-layout-flow wp-block-column-is-layout-flow\"><\/div>\n\n\n\n<div class=\"wp-block-column is-vertically-aligned-top is-layout-flow wp-block-column-is-layout-flow\"><\/div>\n<\/div>\n<\/div>\n<\/div>\n\n\n\n<div class=\"wp-block-group has-global-padding is-layout-constrained wp-block-group-is-layout-constrained\">\n<div style=\"height:33px\" aria-hidden=\"true\" class=\"wp-block-spacer\"><\/div>\n\n\n\n<div style=\"height:45px\" aria-hidden=\"true\" class=\"wp-block-spacer\"><\/div>\n<\/div>\n","protected":false},"excerpt":{"rendered":"<p>Travaillons ensemble Une question, un projet, une id\u00e9e ? Je suis disponible pour \u00e9changer autour de vos besoins en communication, que ce soit pour un accompagnement complet, un projet ponctuel ou une collaboration long terme. \ud83d\udccd LocalisationBas\u00e9 dans le Gard, j\u2019interviens dans toute la France \u00e0 distance et me d\u00e9place en pr\u00e9sentiel dans les d\u00e9partements &hellip; <\/p>\n<p class=\"link-more\"><a href=\"https:\/\/nathandesplan.fr\/index.php\/contact-2\/\" class=\"more-link\">Lire la suite de<span class=\"screen-reader-text\">\u00ab\u00a0Contact\u00a0\u00bb<\/span><\/a><\/p>\n","protected":false},"author":1,"featured_media":189,"parent":0,"menu_order":0,"comment_status":"closed","ping_status":"closed","template":"","meta":{"footnotes":""},"class_list":["post-18","page","type-page","status-publish","has-post-thumbnail","hentry"],"featured_media_urls":{"thumbnail":["https:\/\/nathandesplan.fr\/wp-content\/uploads\/2025\/11\/getty-images-9NYi023wLoc-unsplash-2-150x150.jpg",150,150,true],"medium":["https:\/\/nathandesplan.fr\/wp-content\/uploads\/2025\/11\/getty-images-9NYi023wLoc-unsplash-2-300x200.jpg",300,200,true],"medium_large":["https:\/\/nathandesplan.fr\/wp-content\/uploads\/2025\/11\/getty-images-9NYi023wLoc-unsplash-2-scaled.jpg",768,512,false],"large":["https:\/\/nathandesplan.fr\/wp-content\/uploads\/2025\/11\/getty-images-9NYi023wLoc-unsplash-2-1024x683.jpg",950,634,true],"1536x1536":["https:\/\/nathandesplan.fr\/wp-content\/uploads\/2025\/11\/getty-images-9NYi023wLoc-unsplash-2-scaled-1536x1024.jpg",1536,1024,true],"2048x2048":["https:\/\/nathandesplan.fr\/wp-content\/uploads\/2025\/11\/getty-images-9NYi023wLoc-unsplash-2-scaled-2048x1366.jpg",2048,1366,true],"inspiro-featured-image":["https:\/\/nathandesplan.fr\/wp-content\/uploads\/2025\/11\/getty-images-9NYi023wLoc-unsplash-2-2000x1333.jpg",2000,1333,true],"inspiro-loop":["https:\/\/nathandesplan.fr\/wp-content\/uploads\/2025\/11\/getty-images-9NYi023wLoc-unsplash-2-950x320.jpg",950,320,true],"inspiro-loop@2x":["https:\/\/nathandesplan.fr\/wp-content\/uploads\/2025\/11\/getty-images-9NYi023wLoc-unsplash-2-1900x640.jpg",1900,640,true],"portfolio_item-thumbnail":["https:\/\/nathandesplan.fr\/wp-content\/uploads\/2025\/11\/getty-images-9NYi023wLoc-unsplash-2-600x400.jpg",600,400,true],"portfolio_item-thumbnail@2x":["https:\/\/nathandesplan.fr\/wp-content\/uploads\/2025\/11\/getty-images-9NYi023wLoc-unsplash-2-1200x800.jpg",1200,800,true],"portfolio_item-masonry":["https:\/\/nathandesplan.fr\/wp-content\/uploads\/2025\/11\/getty-images-9NYi023wLoc-unsplash-2-scaled-600x400.jpg",600,400,true],"portfolio_item-masonry@2x":["https:\/\/nathandesplan.fr\/wp-content\/uploads\/2025\/11\/getty-images-9NYi023wLoc-unsplash-2-scaled-1200x800.jpg",1200,800,true],"portfolio_item-thumbnail_cinema":["https:\/\/nathandesplan.fr\/wp-content\/uploads\/2025\/11\/getty-images-9NYi023wLoc-unsplash-2-scaled-800x335.jpg",800,335,true],"portfolio_item-thumbnail_portrait":["https:\/\/nathandesplan.fr\/wp-content\/uploads\/2025\/11\/getty-images-9NYi023wLoc-unsplash-2-scaled-600x900.jpg",600,900,true],"portfolio_item-thumbnail_portrait@2x":["https:\/\/nathandesplan.fr\/wp-content\/uploads\/2025\/11\/getty-images-9NYi023wLoc-unsplash-2-scaled-1200x1707.jpg",1200,1707,true],"portfolio_item-thumbnail_square":["https:\/\/nathandesplan.fr\/wp-content\/uploads\/2025\/11\/getty-images-9NYi023wLoc-unsplash-2-scaled-800x800.jpg",800,800,true]},"_links":{"self":[{"href":"https:\/\/nathandesplan.fr\/index.php\/wp-json\/wp\/v2\/pages\/18","targetHints":{"allow":["GET"]}}],"collection":[{"href":"https:\/\/nathandesplan.fr\/index.php\/wp-json\/wp\/v2\/pages"}],"about":[{"href":"https:\/\/nathandesplan.fr\/index.php\/wp-json\/wp\/v2\/types\/page"}],"author":[{"embeddable":true,"href":"https:\/\/nathandesplan.fr\/index.php\/wp-json\/wp\/v2\/users\/1"}],"replies":[{"embeddable":true,"href":"https:\/\/nathandesplan.fr\/index.php\/wp-json\/wp\/v2\/comments?post=18"}],"version-history":[{"count":27,"href":"https:\/\/nathandesplan.fr\/index.php\/wp-json\/wp\/v2\/pages\/18\/revisions"}],"predecessor-version":[{"id":716,"href":"https:\/\/nathandesplan.fr\/index.php\/wp-json\/wp\/v2\/pages\/18\/revisions\/716"}],"wp:featuredmedia":[{"embeddable":true,"href":"https:\/\/nathandesplan.fr\/index.php\/wp-json\/wp\/v2\/media\/189"}],"wp:attachment":[{"href":"https:\/\/nathandesplan.fr\/index.php\/wp-json\/wp\/v2\/media?parent=18"}],"curies":[{"name":"wp","href":"https:\/\/api.w.org\/{rel}","templated":true}]}}